{"id":298,"date":"2022-06-26T20:10:59","date_gmt":"2022-06-26T17:10:59","guid":{"rendered":"https:\/\/ru.sahin61.com.tr\/?page_id=298"},"modified":"2022-07-03T19:06:24","modified_gmt":"2022-07-03T16:06:24","slug":"huser-plateau","status":"publish","type":"page","link":"https:\/\/ru.sahin61.com.tr\/index.php\/huser-plateau\/","title":{"rendered":"\u041f\u043b\u0430\u0442\u043e \u0425\u0443\u0441\u0435\u0440"},"content":{"rendered":"\t\t<div data-elementor-type=\"wp-page\" data-elementor-id=\"298\" class=\"elementor elementor-298\">\n\t\t\t\t\t\t<div class=\"elementor-inner\">\n\t\t\t\t<div class=\"elementor-section-wrap\">\n\t\t\t\t\t\t\t\t\t<section class=\"elementor-section elementor-top-section elementor-element elementor-element-3aaa6969 elementor-section-full_width elementor-section-height-default elementor-section-height-default\" data-id=\"3aaa6969\" data-element_type=\"section\">\n\t\t\t\t\t\t<div class=\"elementor-container elementor-column-gap-default\">\n\t\t\t\t\t\t\t<div class=\"elementor-row\">\n\t\t\t\t\t<div class=\"aux-parallax-section elementor-column elementor-col-100 elementor-top-column elementor-element elementor-element-70122bfb\" data-id=\"70122bfb\" data-element_type=\"column\">\n\t\t\t<div class=\"elementor-column-wrap elementor-element-populated\">\n\t\t\t\t\t\t\t<div class=\"elementor-widget-wrap\">\n\t\t\t\t\t\t<div class=\"elementor-element elementor-element-148e9c1f elementor-widget elementor-widget-aux_modern_heading\" data-id=\"148e9c1f\" data-element_type=\"widget\" data-widget_type=\"aux_modern_heading.default\">\n\t\t\t\t<div class=\"elementor-widget-container\">\n\t\t\t<section class=\"aux-widget-modern-heading\">\n            <div class=\"aux-widget-inner\"><h2 class=\"aux-modern-heading-primary\">\u041f\u041b\u0410\u0422\u041e \u0425\u0423\u0421\u0415\u0420<\/h2><\/div>\n        <\/section>\t\t<\/div>\n\t\t\t\t<\/div>\n\t\t\t\t<div class=\"elementor-element elementor-element-48bbd10b elementor-widget elementor-widget-aux_image\" data-id=\"48bbd10b\" data-element_type=\"widget\" data-widget_type=\"aux_image.default\">\n\t\t\t\t<div class=\"elementor-widget-container\">\n\t\t\t<section class=\"widget-container aux-widget-image aux-alignnone aux-parent-aud5778be6\">\n    <div class=\"aux-media-hint-frame \">\n        <div class=\"aux-media-image  aux-tilt-box\" >\n        \n            \n\n            \n            <img decoding=\"async\" loading=\"lazy\" width=\"1920\" height=\"949\" src=\"image\/gif;base64,R0lGODlhAQABAIAAAAAAAP\/\/\/yH5BAEAAAAALAAAAAABAAEAAAIBRAA7\" class=\"aux-attachment aux-featured-image aux-attachment-id-301 aux-preload aux-progress-box\" alt=\"huser\" data-ratio=\"2.02\" data-original-w=\"1920\" data-src=\"https:\/\/ru.sahin61.com.tr\/wp-content\/uploads\/2022\/06\/huser.jpg\" \/>            \n                <\/div>\n    <\/div>\n\n<\/section><!-- widget-container -->\t\t<\/div>\n\t\t\t\t<\/div>\n\t\t\t\t\t\t<\/div>\n\t\t\t\t\t<\/div>\n\t\t<\/div>\n\t\t\t\t\t\t\t\t<\/div>\n\t\t\t\t\t<\/div>\n\t\t<\/section>\n\t\t\t\t<section class=\"elementor-section elementor-top-section elementor-element elementor-element-84245ae elementor-section-boxed elementor-section-height-default elementor-section-height-default\" data-id=\"84245ae\" data-element_type=\"section\">\n\t\t\t\t\t\t<div class=\"elementor-container elementor-column-gap-no\">\n\t\t\t\t\t\t\t<div class=\"elementor-row\">\n\t\t\t\t\t<div class=\"aux-parallax-section elementor-column elementor-col-100 elementor-top-column elementor-element elementor-element-176cbd44\" data-id=\"176cbd44\" data-element_type=\"column\">\n\t\t\t<div class=\"elementor-column-wrap elementor-element-populated\">\n\t\t\t\t\t\t\t<div class=\"elementor-widget-wrap\">\n\t\t\t\t\t\t<div class=\"elementor-element elementor-element-6ae94d8 elementor-widget elementor-widget-spacer\" data-id=\"6ae94d8\" data-element_type=\"widget\" data-widget_type=\"spacer.default\">\n\t\t\t\t<div class=\"elementor-widget-container\">\n\t\t\t\t\t<div class=\"elementor-spacer\">\n\t\t\t<div class=\"elementor-spacer-inner\"><\/div>\n\t\t<\/div>\n\t\t\t\t<\/div>\n\t\t\t\t<\/div>\n\t\t\t\t<div class=\"elementor-element elementor-element-18de7f3a elementor-widget elementor-widget-aux_modern_heading\" data-id=\"18de7f3a\" data-element_type=\"widget\" data-widget_type=\"aux_modern_heading.default\">\n\t\t\t\t<div class=\"elementor-widget-container\">\n\t\t\t<section class=\"aux-widget-modern-heading\">\n            <div class=\"aux-widget-inner\"><h2 class=\"aux-modern-heading-primary\"><\/h2><div class=\"aux-modern-heading-description\"><p>\u041f\u043b\u0430\u0442\u043e \u0425\u0443\u0441\u0435\u0440 \u043d\u0430\u0445\u043e\u0434\u0438\u0442\u0441\u044f \u0432 \u043f\u0440\u0435\u0434\u0435\u043b\u0430\u0445 \u0440\u0430\u0439\u043e\u043d\u0430 \u041a\u0430\u043c\u043b\u0438\u0445\u0435\u043c\u0441\u0438\u043d. \u0421 \u0442\u043e\u0447\u043a\u0438 \u0437\u0440\u0435\u043d\u0438\u044f \u0435\u0433\u043e \u0432\u044b\u0441\u043e\u0442\u044b \u0438 \u043c\u0435\u0441\u0442\u043e\u043f\u043e\u043b\u043e\u0436\u0435\u043d\u0438\u044f, \u043e\u043d \u043f\u0440\u0435\u0434\u043b\u0430\u0433\u0430\u0435\u0442 \u0432\u043e\u0437\u043c\u043e\u0436\u043d\u043e\u0441\u0442\u044c \u0443\u0432\u0438\u0434\u0435\u0442\u044c \u0443\u043d\u0438\u043a\u0430\u043b\u044c\u043d\u044b\u0439 \u0432\u0438\u0434 \u043d\u0430 \u0432\u0441\u0435 \u043f\u043b\u0430\u0442\u043e \u0438 \u0433\u043e\u0440\u044b \u041a\u0430\u043a\u0430\u0440, \u0441\u0432\u044f\u0437\u0430\u043d\u043d\u044b\u0435 \u0441 \u0410\u0439\u0434\u0435\u0440\u043e\u043c. \u042d\u0442\u043e \u043f\u043b\u0430\u0442\u043e \u0441 \u043b\u0443\u0447\u0448\u0438\u043c \u0432\u0438\u0434\u043e\u043c \u0432 \u0440\u0435\u0433\u0438\u043e\u043d\u0435, \u0438 \u044d\u0442\u043e \u043e\u0434\u043d\u0430 \u0438\u0437 \u043f\u043e\u0435\u0437\u0434\u043e\u043a, \u043a\u043e\u0442\u043e\u0440\u0430\u044f \u043d\u0440\u0430\u0432\u0438\u0442\u0441\u044f \u043f\u043e\u0441\u0435\u0442\u0438\u0442\u0435\u043b\u044f\u043c \u0431\u043e\u043b\u044c\u0448\u0435 \u0432\u0441\u0435\u0433\u043e. \u041e\u0441\u043e\u0431\u0435\u043d\u043d\u043e, \u0435\u0441\u043b\u0438 \u043f\u043e\u0433\u043e\u0434\u0430 \u0441\u043e\u043b\u043d\u0435\u0447\u043d\u0430\u044f, \u0443 \u043d\u0435\u0433\u043e \u0435\u0441\u0442\u044c \u0432\u0438\u0434, \u043d\u0430 \u043a\u043e\u0442\u043e\u0440\u044b\u0439 \u043d\u0435\u0432\u043e\u0437\u043c\u043e\u0436\u043d\u043e \u043d\u0430\u043b\u044e\u0431\u043e\u0432\u0430\u0442\u044c\u0441\u044f. \u041e\u043d \u0438\u043c\u0435\u0435\u0442 \u043d\u0435\u043f\u0440\u0435\u0440\u044b\u0432\u043d\u044b\u0439 \u043b\u0430\u043d\u0434\u0448\u0430\u0444\u0442, \u043d\u0430\u0447\u0438\u043d\u0430\u044e\u0449\u0438\u0439\u0441\u044f \u043e\u0442 \u0433\u043e\u0440 \u041a\u0430\u0447\u043a\u0430\u0440-\u0410\u043b\u0442\u0438\u043f\u0430\u0440\u043c\u0430\u043a \u043d\u0430 \u044e\u0433\u0435 \u0434\u043e \u0433\u043e\u0440 \u041a\u0430\u0447\u043a\u0430\u0440-\u041a\u0435\u043c\u0435\u0440\u043b\u0438, \u041a\u0430\u043a\u0430\u0440-\u041a\u0430\u0432\u0440\u0443\u043d \u0438 \u041a\u0430\u043a\u0430\u0440-\u0412\u0435\u0440\u0447\u0435\u043d\u0438\u043a.<\/p><\/div><\/div>\n        <\/section>\t\t<\/div>\n\t\t\t\t<\/div>\n\t\t\t\t\t\t<\/div>\n\t\t\t\t\t<\/div>\n\t\t<\/div>\n\t\t\t\t\t\t\t\t<\/div>\n\t\t\t\t\t<\/div>\n\t\t<\/section>\n\t\t\t\t<section class=\"elementor-section elementor-top-section elementor-element elementor-element-789706b elementor-section-boxed elementor-section-height-default elementor-section-height-default\" data-id=\"789706b\" data-element_type=\"section\">\n\t\t\t\t\t\t<div class=\"elementor-container elementor-column-gap-default\">\n\t\t\t\t\t\t\t<div class=\"elementor-row\">\n\t\t\t\t\t<div class=\"aux-parallax-section elementor-column elementor-col-100 elementor-top-column elementor-element elementor-element-20b006f\" data-id=\"20b006f\" data-element_type=\"column\">\n\t\t\t<div class=\"elementor-column-wrap elementor-element-populated\">\n\t\t\t\t\t\t\t<div class=\"elementor-widget-wrap\">\n\t\t\t\t\t\t<div class=\"elementor-element elementor-element-3d1de6a elementor-widget elementor-widget-spacer\" data-id=\"3d1de6a\" data-element_type=\"widget\" data-widget_type=\"spacer.default\">\n\t\t\t\t<div class=\"elementor-widget-container\">\n\t\t\t\t\t<div class=\"elementor-spacer\">\n\t\t\t<div class=\"elementor-spacer-inner\"><\/div>\n\t\t<\/div>\n\t\t\t\t<\/div>\n\t\t\t\t<\/div>\n\t\t\t\t\t\t<\/div>\n\t\t\t\t\t<\/div>\n\t\t<\/div>\n\t\t\t\t\t\t\t\t<\/div>\n\t\t\t\t\t<\/div>\n\t\t<\/section>\n\t\t\t\t<section class=\"elementor-section elementor-top-section elementor-element elementor-element-50843462 elementor-section-boxed elementor-section-height-default elementor-section-height-default\" data-id=\"50843462\" data-element_type=\"section\">\n\t\t\t\t\t\t<div class=\"elementor-container elementor-column-gap-no\">\n\t\t\t\t\t\t\t<div class=\"elementor-row\">\n\t\t\t\t\t<div class=\"aux-parallax-section elementor-column elementor-col-100 elementor-top-column elementor-element elementor-element-30179757\" data-id=\"30179757\" data-element_type=\"column\">\n\t\t\t<div class=\"elementor-column-wrap elementor-element-populated\">\n\t\t\t\t\t\t\t<div class=\"elementor-widget-wrap\">\n\t\t\t\t\t\t<div class=\"elementor-element elementor-element-53a1200e elementor-widget elementor-widget-heading\" data-id=\"53a1200e\" data-element_type=\"widget\" data-widget_type=\"heading.default\">\n\t\t\t\t<div class=\"elementor-widget-container\">\n\t\t\t<h2 class=\"elementor-heading-title elementor-size-default\">\u041f\u043b\u0430\u0442\u043e \u0425\u0443\u0441\u0435\u0440<\/h2>\t\t<\/div>\n\t\t\t\t<\/div>\n\t\t\t\t<div class=\"elementor-element elementor-element-1ba261df elementor-invisible elementor-widget elementor-widget-aux-gallery\" data-id=\"1ba261df\" data-element_type=\"widget\" data-settings=\"{&quot;_animation&quot;:&quot;pulse&quot;}\" data-widget_type=\"aux-gallery.default\">\n\t\t\t\t<div class=\"elementor-widget-container\">\n\t\t\t<section class=\"widget-container aux-widget-gallery aux-parent-au34403ab7\"><div id='aux-gallery-1' class='aux-gallery galleryid-298 gallery-columns-3 '><div class=\"aux-gallery-container aux-isotope-animated aux-row aux-de-col3 aux-tb-col3 aux-mb-col3 elementor-clickable aux-no-gutter aux-layout-masonry\"  data-pagination=\"false\" data-lazyload=\"false\" data-perpage=\"24\" data-layout=\"masonry\" data-space=\"13\" >    <figure class=\"gallery-item aux-hover-active aux-iso-item aux-col \">\n            <div class=\"aux-frame-mask-plain aux-frame-ratio \">\n                <a href=\"#null\" class=\"aux-frame-ratio-inner aux-frame-darken \" data-elementor-open-lightbox=\"no\" >\n                        <img decoding=\"async\" loading=\"lazy\" width=\"300\" height=\"300\" src=\"https:\/\/ru.sahin61.com.tr\/wp-content\/uploads\/2022\/06\/H1-300x300.jpg\" class=\"aux-attachment aux-featured-image attachment-300x300 aux-attachment-id-302 \" alt=\"H1\" srcset=\"https:\/\/ru.sahin61.com.tr\/wp-content\/uploads\/2022\/06\/H1-150x150.jpg 150w,https:\/\/ru.sahin61.com.tr\/wp-content\/uploads\/2022\/06\/H1-300x300.jpg 300w,https:\/\/ru.sahin61.com.tr\/wp-content\/uploads\/2022\/06\/H1-768x680.jpg 768w,https:\/\/ru.sahin61.com.tr\/wp-content\/uploads\/2022\/06\/H1-300x300.jpg 300w,https:\/\/ru.sahin61.com.tr\/wp-content\/uploads\/2022\/06\/H1-1014x1014.jpg 1014w\" data-ratio=\"1\" data-original-w=\"1024\" sizes=\"(max-width:767px) 33vw,(min-width:768px) and (max-width:1025px) 33vw,641px\" \/>                <\/a>\n            <\/div>\n                <\/figure>\n    <figure class=\"gallery-item aux-hover-active aux-iso-item aux-col \">\n            <div class=\"aux-frame-mask-plain aux-frame-ratio \">\n                <a href=\"#null\" class=\"aux-frame-ratio-inner aux-frame-darken \" data-elementor-open-lightbox=\"no\" >\n                        <img decoding=\"async\" loading=\"lazy\" width=\"300\" height=\"300\" src=\"https:\/\/ru.sahin61.com.tr\/wp-content\/uploads\/2022\/06\/H2-300x300.jpg\" class=\"aux-attachment aux-featured-image attachment-300x300 aux-attachment-id-303 \" alt=\"H2\" srcset=\"https:\/\/ru.sahin61.com.tr\/wp-content\/uploads\/2022\/06\/H2-150x150.jpg 150w,https:\/\/ru.sahin61.com.tr\/wp-content\/uploads\/2022\/06\/H2-300x300.jpg 300w,https:\/\/ru.sahin61.com.tr\/wp-content\/uploads\/2022\/06\/H2-768x680.jpg 768w,https:\/\/ru.sahin61.com.tr\/wp-content\/uploads\/2022\/06\/H2-300x300.jpg 300w,https:\/\/ru.sahin61.com.tr\/wp-content\/uploads\/2022\/06\/H2-1014x1014.jpg 1014w\" data-ratio=\"1\" data-original-w=\"1024\" sizes=\"(max-width:767px) 33vw,(min-width:768px) and (max-width:1025px) 33vw,641px\" \/>                <\/a>\n            <\/div>\n                <\/figure>\n    <figure class=\"gallery-item aux-hover-active aux-iso-item aux-col \">\n            <div class=\"aux-frame-mask-plain aux-frame-ratio \">\n                <a href=\"#null\" class=\"aux-frame-ratio-inner aux-frame-darken \" data-elementor-open-lightbox=\"no\" >\n                        <img decoding=\"async\" loading=\"lazy\" width=\"300\" height=\"300\" src=\"https:\/\/ru.sahin61.com.tr\/wp-content\/uploads\/2022\/06\/H3-300x300.jpg\" class=\"aux-attachment aux-featured-image attachment-300x300 aux-attachment-id-304 \" alt=\"H3\" srcset=\"https:\/\/ru.sahin61.com.tr\/wp-content\/uploads\/2022\/06\/H3-150x150.jpg 150w,https:\/\/ru.sahin61.com.tr\/wp-content\/uploads\/2022\/06\/H3-300x300.jpg 300w,https:\/\/ru.sahin61.com.tr\/wp-content\/uploads\/2022\/06\/H3-768x680.jpg 768w,https:\/\/ru.sahin61.com.tr\/wp-content\/uploads\/2022\/06\/H3-300x300.jpg 300w,https:\/\/ru.sahin61.com.tr\/wp-content\/uploads\/2022\/06\/H3-1014x1014.jpg 1014w\" data-ratio=\"1\" data-original-w=\"1024\" sizes=\"(max-width:767px) 33vw,(min-width:768px) and (max-width:1025px) 33vw,641px\" \/>                <\/a>\n            <\/div>\n                <\/figure>\n    <figure class=\"gallery-item aux-hover-active aux-iso-item aux-col \">\n            <div class=\"aux-frame-mask-plain aux-frame-ratio \">\n                <a href=\"#null\" class=\"aux-frame-ratio-inner aux-frame-darken \" data-elementor-open-lightbox=\"no\" >\n                        <img decoding=\"async\" loading=\"lazy\" width=\"300\" height=\"300\" src=\"https:\/\/ru.sahin61.com.tr\/wp-content\/uploads\/2022\/06\/H4-300x300.jpg\" class=\"aux-attachment aux-featured-image attachment-300x300 aux-attachment-id-305 \" alt=\"H4\" srcset=\"https:\/\/ru.sahin61.com.tr\/wp-content\/uploads\/2022\/06\/H4-150x150.jpg 150w,https:\/\/ru.sahin61.com.tr\/wp-content\/uploads\/2022\/06\/H4-300x300.jpg 300w,https:\/\/ru.sahin61.com.tr\/wp-content\/uploads\/2022\/06\/H4-768x680.jpg 768w,https:\/\/ru.sahin61.com.tr\/wp-content\/uploads\/2022\/06\/H4-300x300.jpg 300w,https:\/\/ru.sahin61.com.tr\/wp-content\/uploads\/2022\/06\/H4-1014x1014.jpg 1014w\" data-ratio=\"1\" data-original-w=\"1024\" sizes=\"(max-width:767px) 33vw,(min-width:768px) and (max-width:1025px) 33vw,641px\" \/>                <\/a>\n            <\/div>\n                <\/figure>\n    <figure class=\"gallery-item aux-hover-active aux-iso-item aux-col \">\n            <div class=\"aux-frame-mask-plain aux-frame-ratio \">\n                <a href=\"#null\" class=\"aux-frame-ratio-inner aux-frame-darken \" data-elementor-open-lightbox=\"no\" >\n                        <img decoding=\"async\" loading=\"lazy\" width=\"300\" height=\"300\" src=\"https:\/\/ru.sahin61.com.tr\/wp-content\/uploads\/2022\/06\/H5-300x300.jpg\" class=\"aux-attachment aux-featured-image attachment-300x300 aux-attachment-id-306 \" alt=\"H5\" srcset=\"https:\/\/ru.sahin61.com.tr\/wp-content\/uploads\/2022\/06\/H5-150x150.jpg 150w,https:\/\/ru.sahin61.com.tr\/wp-content\/uploads\/2022\/06\/H5-300x300.jpg 300w,https:\/\/ru.sahin61.com.tr\/wp-content\/uploads\/2022\/06\/H5-768x680.jpg 768w,https:\/\/ru.sahin61.com.tr\/wp-content\/uploads\/2022\/06\/H5-300x300.jpg 300w,https:\/\/ru.sahin61.com.tr\/wp-content\/uploads\/2022\/06\/H5-1014x1014.jpg 1014w\" data-ratio=\"1\" data-original-w=\"1024\" sizes=\"(max-width:767px) 33vw,(min-width:768px) and (max-width:1025px) 33vw,641px\" \/>                <\/a>\n            <\/div>\n                <\/figure>\n    <figure class=\"gallery-item aux-hover-active aux-iso-item aux-col \">\n            <div class=\"aux-frame-mask-plain aux-frame-ratio \">\n                <a href=\"#null\" class=\"aux-frame-ratio-inner aux-frame-darken \" data-elementor-open-lightbox=\"no\" >\n                        <img decoding=\"async\" loading=\"lazy\" width=\"300\" height=\"300\" src=\"https:\/\/ru.sahin61.com.tr\/wp-content\/uploads\/2022\/06\/3d309f56154b480330d656f48a8665ea-900x9000-1-300x300.jpg\" class=\"aux-attachment aux-featured-image attachment-300x300 aux-attachment-id-307 \" alt=\"3d309f56154b480330d656f48a8665ea-900x9000\" srcset=\"https:\/\/ru.sahin61.com.tr\/wp-content\/uploads\/2022\/06\/3d309f56154b480330d656f48a8665ea-900x9000-1-150x150.jpg 150w,https:\/\/ru.sahin61.com.tr\/wp-content\/uploads\/2022\/06\/3d309f56154b480330d656f48a8665ea-900x9000-1-300x300.jpg 300w,https:\/\/ru.sahin61.com.tr\/wp-content\/uploads\/2022\/06\/3d309f56154b480330d656f48a8665ea-900x9000-1-768x768.jpg 768w,https:\/\/ru.sahin61.com.tr\/wp-content\/uploads\/2022\/06\/3d309f56154b480330d656f48a8665ea-900x9000-1-300x300.jpg 300w,https:\/\/ru.sahin61.com.tr\/wp-content\/uploads\/2022\/06\/3d309f56154b480330d656f48a8665ea-900x9000-1-890x890.jpg 890w\" data-ratio=\"1\" data-original-w=\"900\" sizes=\"(max-width:767px) 33vw,(min-width:768px) and (max-width:1025px) 33vw,641px\" \/>                <\/a>\n            <\/div>\n                <\/figure>\n<\/div><\/div><\/section><!-- widget-container --><style>.aux-parent-au34403ab7 .aux-frame-ratio { padding-bottom:75% }<\/style>\t\t<\/div>\n\t\t\t\t<\/div>\n\t\t\t\t\t\t<\/div>\n\t\t\t\t\t<\/div>\n\t\t<\/div>\n\t\t\t\t\t\t\t\t<\/div>\n\t\t\t\t\t<\/div>\n\t\t<\/section>\n\t\t\t\t<section class=\"elementor-section elementor-top-section elementor-element elementor-element-f2abcca elementor-section-boxed elementor-section-height-default elementor-section-height-default\" data-id=\"f2abcca\" data-element_type=\"section\">\n\t\t\t\t\t\t<div class=\"elementor-container elementor-column-gap-default\">\n\t\t\t\t\t\t\t<div class=\"elementor-row\">\n\t\t\t\t\t<div class=\"aux-parallax-section elementor-column elementor-col-100 elementor-top-column elementor-element elementor-element-f5a6e34\" data-id=\"f5a6e34\" data-element_type=\"column\">\n\t\t\t<div class=\"elementor-column-wrap elementor-element-populated\">\n\t\t\t\t\t\t\t<div class=\"elementor-widget-wrap\">\n\t\t\t\t\t\t<div class=\"elementor-element elementor-element-2148cb6 elementor-widget elementor-widget-spacer\" data-id=\"2148cb6\" data-element_type=\"widget\" data-widget_type=\"spacer.default\">\n\t\t\t\t<div class=\"elementor-widget-container\">\n\t\t\t\t\t<div class=\"elementor-spacer\">\n\t\t\t<div class=\"elementor-spacer-inner\"><\/div>\n\t\t<\/div>\n\t\t\t\t<\/div>\n\t\t\t\t<\/div>\n\t\t\t\t\t\t<\/div>\n\t\t\t\t\t<\/div>\n\t\t<\/div>\n\t\t\t\t\t\t\t\t<\/div>\n\t\t\t\t\t<\/div>\n\t\t<\/section>\n\t\t\t\t<section class=\"elementor-section elementor-top-section elementor-element elementor-element-73ba7c4 elementor-section-boxed elementor-section-height-default elementor-section-height-default\" data-id=\"73ba7c4\" data-element_type=\"section\">\n\t\t\t\t\t\t<div class=\"elementor-container elementor-column-gap-default\">\n\t\t\t\t\t\t\t<div class=\"elementor-row\">\n\t\t\t\t\t<div class=\"aux-parallax-section elementor-column elementor-col-100 elementor-top-column elementor-element elementor-element-7323a46\" data-id=\"7323a46\" data-element_type=\"column\">\n\t\t\t<div class=\"elementor-column-wrap elementor-element-populated\">\n\t\t\t\t\t\t\t<div class=\"elementor-widget-wrap\">\n\t\t\t\t\t\t<div class=\"elementor-element elementor-element-04ce2f3 elementor-widget elementor-widget-heading\" data-id=\"04ce2f3\" data-element_type=\"widget\" data-widget_type=\"heading.default\">\n\t\t\t\t<div class=\"elementor-widget-container\">\n\t\t\t<h2 class=\"elementor-heading-title elementor-size-default\">\u0413\u0434\u0435 \u043d\u0430\u0445\u043e\u0434\u0438\u0442\u0441\u044f \u043f\u043b\u0430\u0442\u043e \u0425\u0443\u0441\u0435\u0440?<\/h2>\t\t<\/div>\n\t\t\t\t<\/div>\n\t\t\t\t\t\t<\/div>\n\t\t\t\t\t<\/div>\n\t\t<\/div>\n\t\t\t\t\t\t\t\t<\/div>\n\t\t\t\t\t<\/div>\n\t\t<\/section>\n\t\t\t\t<section class=\"elementor-section elementor-top-section elementor-element elementor-element-3029cfc elementor-section-boxed elementor-section-height-default elementor-section-height-default\" data-id=\"3029cfc\" data-element_type=\"section\">\n\t\t\t\t\t\t<div class=\"elementor-container elementor-column-gap-default\">\n\t\t\t\t\t\t\t<div class=\"elementor-row\">\n\t\t\t\t\t<div class=\"aux-parallax-section elementor-column elementor-col-100 elementor-top-column elementor-element elementor-element-7d39b3e\" data-id=\"7d39b3e\" data-element_type=\"column\">\n\t\t\t<div class=\"elementor-column-wrap elementor-element-populated\">\n\t\t\t\t\t\t\t<div class=\"elementor-widget-wrap\">\n\t\t\t\t\t\t<div class=\"elementor-element elementor-element-377d253 elementor-widget elementor-widget-google_maps\" data-id=\"377d253\" data-element_type=\"widget\" data-widget_type=\"google_maps.default\">\n\t\t\t\t<div class=\"elementor-widget-container\">\n\t\t\t\t\t<div class=\"elementor-custom-embed\">\n\t\t\t<iframe loading=\"lazy\"\n\t\t\t\t\tsrc=\"https:\/\/maps.google.com\/maps?q=Huser%20g%C3%BCn%20bat%C4%B1m%C4%B1&#038;t=m&#038;z=10&#038;output=embed&#038;iwloc=near\"\n\t\t\t\t\ttitle=\"Huser g\u00fcn bat\u0131m\u0131\"\n\t\t\t\t\taria-label=\"Huser g\u00fcn bat\u0131m\u0131\"\n\t\t\t><\/iframe>\n\t\t<\/div>\n\t\t\t\t<\/div>\n\t\t\t\t<\/div>\n\t\t\t\t\t\t<\/div>\n\t\t\t\t\t<\/div>\n\t\t<\/div>\n\t\t\t\t\t\t\t\t<\/div>\n\t\t\t\t\t<\/div>\n\t\t<\/section>\n\t\t\t\t\t\t\t\t\t<\/div>\n\t\t\t<\/div>\n\t\t\t\t\t<\/div>\n\t\t","protected":false},"excerpt":{"rendered":"<p>\u041f\u041b\u0410\u0422\u041e \u0425\u0423\u0421\u0415\u0420 \u041f\u043b\u0430\u0442\u043e \u0425\u0443\u0441\u0435\u0440 \u043d\u0430\u0445\u043e\u0434\u0438\u0442\u0441\u044f \u0432 \u043f\u0440\u0435\u0434\u0435\u043b\u0430\u0445 \u0440\u0430\u0439\u043e\u043d\u0430 \u041a\u0430\u043c\u043b\u0438\u0445\u0435\u043c\u0441\u0438\u043d. \u0421 \u0442\u043e\u0447\u043a\u0438 \u0437\u0440\u0435\u043d\u0438\u044f \u0435\u0433\u043e \u0432\u044b\u0441\u043e\u0442\u044b \u0438 \u043c\u0435\u0441\u0442\u043e\u043f\u043e\u043b\u043e\u0436\u0435\u043d\u0438\u044f, \u043e\u043d \u043f\u0440\u0435\u0434\u043b\u0430\u0433\u0430\u0435\u0442 \u0432\u043e\u0437\u043c\u043e\u0436\u043d\u043e\u0441\u0442\u044c \u0443\u0432\u0438\u0434\u0435\u0442\u044c \u0443\u043d\u0438\u043a\u0430\u043b\u044c\u043d\u044b\u0439 \u0432\u0438\u0434 \u043d\u0430 \u0432\u0441\u0435 \u043f\u043b\u0430\u0442\u043e \u0438 \u0433\u043e\u0440\u044b \u041a\u0430\u043a\u0430\u0440, \u0441\u0432\u044f\u0437\u0430\u043d\u043d\u044b\u0435 \u0441 \u0410\u0439\u0434\u0435\u0440\u043e\u043c. \u042d\u0442\u043e \u043f\u043b\u0430\u0442\u043e \u0441 \u043b\u0443\u0447\u0448\u0438\u043c \u0432\u0438\u0434\u043e\u043c \u0432 \u0440\u0435\u0433\u0438\u043e\u043d\u0435, \u0438 \u044d\u0442\u043e \u043e\u0434\u043d\u0430 \u0438\u0437 \u043f\u043e\u0435\u0437\u0434\u043e\u043a, \u043a\u043e\u0442\u043e\u0440\u0430\u044f \u043d\u0440\u0430\u0432\u0438\u0442\u0441\u044f \u043f\u043e\u0441\u0435\u0442\u0438\u0442\u0435\u043b\u044f\u043c \u0431\u043e\u043b\u044c\u0448\u0435 \u0432\u0441\u0435\u0433\u043e. \u041e\u0441\u043e\u0431\u0435\u043d\u043d\u043e, \u0435\u0441\u043b\u0438 \u043f\u043e\u0433\u043e\u0434\u0430 \u0441\u043e\u043b\u043d\u0435\u0447\u043d\u0430\u044f, \u0443 \u043d\u0435\u0433\u043e \u0435\u0441\u0442\u044c [&hellip;]<\/p>\n","protected":false},"author":1,"featured_media":0,"parent":0,"menu_order":0,"comment_status":"closed","ping_status":"closed","template":"elementor_header_footer","meta":[],"_links":{"self":[{"href":"https:\/\/ru.sahin61.com.tr\/index.php\/wp-json\/wp\/v2\/pages\/298"}],"collection":[{"href":"https:\/\/ru.sahin61.com.tr\/index.php\/wp-json\/wp\/v2\/pages"}],"about":[{"href":"https:\/\/ru.sahin61.com.tr\/index.php\/wp-json\/wp\/v2\/types\/page"}],"author":[{"embeddable":true,"href":"https:\/\/ru.sahin61.com.tr\/index.php\/wp-json\/wp\/v2\/users\/1"}],"replies":[{"embeddable":true,"href":"https:\/\/ru.sahin61.com.tr\/index.php\/wp-json\/wp\/v2\/comments?post=298"}],"version-history":[{"count":19,"href":"https:\/\/ru.sahin61.com.tr\/index.php\/wp-json\/wp\/v2\/pages\/298\/revisions"}],"predecessor-version":[{"id":984,"href":"https:\/\/ru.sahin61.com.tr\/index.php\/wp-json\/wp\/v2\/pages\/298\/revisions\/984"}],"wp:attachment":[{"href":"https:\/\/ru.sahin61.com.tr\/index.php\/wp-json\/wp\/v2\/media?parent=298"}],"curies":[{"name":"wp","href":"https:\/\/api.w.org\/{rel}","templated":true}]}}