{"id":403,"date":"2022-06-26T21:52:12","date_gmt":"2022-06-26T18:52:12","guid":{"rendered":"https:\/\/ru.sahin61.com.tr\/?page_id=403"},"modified":"2022-07-03T18:25:53","modified_gmt":"2022-07-03T15:25:53","slug":"daily-tours","status":"publish","type":"page","link":"https:\/\/ru.sahin61.com.tr\/index.php\/daily-tours\/","title":{"rendered":"\u0415\u0436\u0435\u0434\u043d\u0435\u0432\u043d\u044b\u0435 \u0422\u0443\u0440\u044b"},"content":{"rendered":"\t\t<div data-elementor-type=\"wp-page\" data-elementor-id=\"403\" class=\"elementor elementor-403\">\n\t\t\t\t\t\t<div class=\"elementor-inner\">\n\t\t\t\t<div class=\"elementor-section-wrap\">\n\t\t\t\t\t\t\t\t\t<section class=\"elementor-section elementor-top-section elementor-element elementor-element-c2cec82 elementor-section-boxed elementor-section-height-default elementor-section-height-default\" data-id=\"c2cec82\" data-element_type=\"section\">\n\t\t\t\t\t\t<div class=\"elementor-container elementor-column-gap-no\">\n\t\t\t\t\t\t\t<div class=\"elementor-row\">\n\t\t\t\t\t<div class=\"aux-parallax-section elementor-column elementor-col-100 elementor-top-column elementor-element elementor-element-d98c8a4\" data-id=\"d98c8a4\" data-element_type=\"column\">\n\t\t\t<div class=\"elementor-column-wrap elementor-element-populated\">\n\t\t\t\t\t\t\t<div class=\"elementor-widget-wrap\">\n\t\t\t\t\t\t<div class=\"elementor-element elementor-element-94f2271 aux-appear-watch-animation aux-fade-in-up elementor-widget elementor-widget-aux_modern_heading\" data-id=\"94f2271\" data-element_type=\"widget\" data-widget_type=\"aux_modern_heading.default\">\n\t\t\t\t<div class=\"elementor-widget-container\">\n\t\t\t<section class=\"aux-widget-modern-heading\">\n            <div class=\"aux-widget-inner\"><h3 class=\"aux-modern-heading-primary\">\u0415\u0416\u0415\u0414\u041d\u0415\u0412\u041d\u042b\u0415 \u0422\u0423\u0420\u042b<\/h3><\/div>\n        <\/section>\t\t<\/div>\n\t\t\t\t<\/div>\n\t\t\t\t<section class=\"elementor-section elementor-inner-section elementor-element elementor-element-12c3322 aux-appear-watch-animation aux-fade-in-up elementor-section-boxed elementor-section-height-default elementor-section-height-default\" data-id=\"12c3322\" data-element_type=\"section\">\n\t\t\t\t\t\t<div class=\"elementor-container elementor-column-gap-default\">\n\t\t\t\t\t\t\t<div class=\"elementor-row\">\n\t\t\t\t\t<div class=\"aux-parallax-section elementor-column elementor-col-25 elementor-inner-column elementor-element elementor-element-8081fca\" data-id=\"8081fca\" data-element_type=\"column\" data-settings=\"{&quot;background_background&quot;:&quot;classic&quot;}\">\n\t\t\t<div class=\"elementor-column-wrap elementor-element-populated\">\n\t\t\t\t\t<div class=\"elementor-background-overlay\"><\/div>\n\t\t\t\t\t\t\t<div class=\"elementor-widget-wrap\">\n\t\t\t\t\t\t<div class=\"elementor-element elementor-element-264b8cb elementor-widget elementor-widget-text-editor\" data-id=\"264b8cb\" data-element_type=\"widget\" data-widget_type=\"text-editor.default\">\n\t\t\t\t<div class=\"elementor-widget-container\">\n\t\t\t\t\t\t\t\t<div class=\"elementor-text-editor elementor-clearfix\">\n\t\t\t\t<p><strong><a class=\"row-title\" href=\"https:\/\/ru.sahin61.com.tr\/index.php\/ayder-plateau-rize-castle-anzer-plateau-maidens-castle\/\" aria-label=\"\u201cAyder Yaylas\u0131 &amp; Rize Kalesi &amp; Anzer Yaylas\u0131 &amp; K\u0131z Kalesi\u201d (D\u00fczenle)\">\u041f\u043b\u0430\u0442\u043e \u0410\u0439\u0434\u0435\u0440 \u0438 \u0437\u0430\u043c\u043e\u043a \u0420\u0438\u0437\u0435 \u0438 \u043f\u043b\u0430\u0442\u043e \u0410\u043d\u0437\u0435\u0440 \u0438 \u0434\u0435\u0432\u0438\u0447\u0438\u0439 \u0437\u0430\u043c\u043e\u043a<\/a><\/strong><\/p>\t\t\t\t\t<\/div>\n\t\t\t\t\t\t<\/div>\n\t\t\t\t<\/div>\n\t\t\t\t\t\t<\/div>\n\t\t\t\t\t<\/div>\n\t\t<\/div>\n\t\t\t\t<div class=\"aux-parallax-section elementor-column elementor-col-25 elementor-inner-column elementor-element elementor-element-6fea69d\" data-id=\"6fea69d\" data-element_type=\"column\" data-settings=\"{&quot;background_background&quot;:&quot;classic&quot;}\">\n\t\t\t<div class=\"elementor-column-wrap elementor-element-populated\">\n\t\t\t\t\t<div class=\"elementor-background-overlay\"><\/div>\n\t\t\t\t\t\t\t<div class=\"elementor-widget-wrap\">\n\t\t\t\t\t\t<div class=\"elementor-element elementor-element-dbb79b0 elementor-widget elementor-widget-text-editor\" data-id=\"dbb79b0\" data-element_type=\"widget\" data-widget_type=\"text-editor.default\">\n\t\t\t\t<div class=\"elementor-widget-container\">\n\t\t\t\t\t\t\t\t<div class=\"elementor-text-editor elementor-clearfix\">\n\t\t\t\t<p><strong><a class=\"row-title\" href=\"https:\/\/ru.sahin61.com.tr\/index.php\/batum\/\" aria-label=\"\u201cBatum\u201d (D\u00fczenle)\">\u0411\u0430\u0442\u0443\u043c<\/a><\/strong><\/p>\t\t\t\t\t<\/div>\n\t\t\t\t\t\t<\/div>\n\t\t\t\t<\/div>\n\t\t\t\t\t\t<\/div>\n\t\t\t\t\t<\/div>\n\t\t<\/div>\n\t\t\t\t<div class=\"aux-parallax-section elementor-column elementor-col-25 elementor-inner-column elementor-element elementor-element-77052f0\" data-id=\"77052f0\" data-element_type=\"column\" data-settings=\"{&quot;background_background&quot;:&quot;classic&quot;}\">\n\t\t\t<div class=\"elementor-column-wrap elementor-element-populated\">\n\t\t\t\t\t<div class=\"elementor-background-overlay\"><\/div>\n\t\t\t\t\t\t\t<div class=\"elementor-widget-wrap\">\n\t\t\t\t\t\t<div class=\"elementor-element elementor-element-34aaab3 elementor-widget elementor-widget-text-editor\" data-id=\"34aaab3\" data-element_type=\"widget\" data-widget_type=\"text-editor.default\">\n\t\t\t\t<div class=\"elementor-widget-container\">\n\t\t\t\t\t\t\t\t<div class=\"elementor-text-editor elementor-clearfix\">\n\t\t\t\t<p><a href=\"https:\/\/ru.sahin61.com.tr\/index.php\/borcka-lake\/\"><strong>\u041e\u0437\u0435\u0440\u043e \u0411\u043e\u0440\u0447\u043a\u0430<\/strong><\/a><\/p>\t\t\t\t\t<\/div>\n\t\t\t\t\t\t<\/div>\n\t\t\t\t<\/div>\n\t\t\t\t\t\t<\/div>\n\t\t\t\t\t<\/div>\n\t\t<\/div>\n\t\t\t\t<div class=\"aux-parallax-section elementor-column elementor-col-25 elementor-inner-column elementor-element elementor-element-d4491a3\" data-id=\"d4491a3\" data-element_type=\"column\" data-settings=\"{&quot;background_background&quot;:&quot;classic&quot;}\">\n\t\t\t<div class=\"elementor-column-wrap elementor-element-populated\">\n\t\t\t\t\t<div class=\"elementor-background-overlay\"><\/div>\n\t\t\t\t\t\t\t<div class=\"elementor-widget-wrap\">\n\t\t\t\t\t\t<div class=\"elementor-element elementor-element-cbcdddc elementor-widget elementor-widget-text-editor\" data-id=\"cbcdddc\" data-element_type=\"widget\" data-widget_type=\"text-editor.default\">\n\t\t\t\t<div class=\"elementor-widget-container\">\n\t\t\t\t\t\t\t\t<div class=\"elementor-text-editor elementor-clearfix\">\n\t\t\t\t<p><strong><a class=\"row-title\" href=\"https:\/\/ru.sahin61.com.tr\/index.php\/borcka-black-lake-double-bridge\/\" aria-label=\"\u201cBor\u00e7ka Karag\u00f6l &amp; \u00c7ifte K\u00f6pr\u00fc\u201d (D\u00fczenle)\">\u0427\u0435\u0440\u043d\u043e\u0435 \u043e\u0437\u0435\u0440\u043e \u0411\u043e\u0440\u043a\u0430 \u0438 \u0434\u0432\u043e\u0439\u043d\u043e\u0439 \u043c\u043e\u0441\u0442<\/a><\/strong><\/p>\t\t\t\t\t<\/div>\n\t\t\t\t\t\t<\/div>\n\t\t\t\t<\/div>\n\t\t\t\t\t\t<\/div>\n\t\t\t\t\t<\/div>\n\t\t<\/div>\n\t\t\t\t\t\t\t\t<\/div>\n\t\t\t\t\t<\/div>\n\t\t<\/section>\n\t\t\t\t<section class=\"elementor-section elementor-inner-section elementor-element elementor-element-e53c982 elementor-section-boxed elementor-section-height-default elementor-section-height-default\" data-id=\"e53c982\" data-element_type=\"section\">\n\t\t\t\t\t\t<div class=\"elementor-container elementor-column-gap-default\">\n\t\t\t\t\t\t\t<div class=\"elementor-row\">\n\t\t\t\t\t<div class=\"aux-parallax-section elementor-column elementor-col-25 elementor-inner-column elementor-element elementor-element-257b450\" data-id=\"257b450\" data-element_type=\"column\" data-settings=\"{&quot;background_background&quot;:&quot;classic&quot;}\">\n\t\t\t<div class=\"elementor-column-wrap elementor-element-populated\">\n\t\t\t\t\t<div class=\"elementor-background-overlay\"><\/div>\n\t\t\t\t\t\t\t<div class=\"elementor-widget-wrap\">\n\t\t\t\t\t\t<div class=\"elementor-element elementor-element-9eb1eeb elementor-widget elementor-widget-text-editor\" data-id=\"9eb1eeb\" data-element_type=\"widget\" data-widget_type=\"text-editor.default\">\n\t\t\t\t<div class=\"elementor-widget-container\">\n\t\t\t\t\t\t\t\t<div class=\"elementor-text-editor elementor-clearfix\">\n\t\t\t\t<p><a href=\"https:\/\/ru.sahin61.com.tr\/index.php\/storm-creek\/\"><strong>\u0421\u0442\u043e\u0440\u043c \u041a\u0440\u0438\u043a<\/strong><\/a><\/p>\t\t\t\t\t<\/div>\n\t\t\t\t\t\t<\/div>\n\t\t\t\t<\/div>\n\t\t\t\t\t\t<\/div>\n\t\t\t\t\t<\/div>\n\t\t<\/div>\n\t\t\t\t<div class=\"aux-parallax-section elementor-column elementor-col-25 elementor-inner-column elementor-element elementor-element-6aa9a3a\" data-id=\"6aa9a3a\" data-element_type=\"column\" data-settings=\"{&quot;background_background&quot;:&quot;classic&quot;}\">\n\t\t\t<div class=\"elementor-column-wrap elementor-element-populated\">\n\t\t\t\t\t<div class=\"elementor-background-overlay\"><\/div>\n\t\t\t\t\t\t\t<div class=\"elementor-widget-wrap\">\n\t\t\t\t\t\t<div class=\"elementor-element elementor-element-4fa3877 elementor-widget elementor-widget-text-editor\" data-id=\"4fa3877\" data-element_type=\"widget\" data-widget_type=\"text-editor.default\">\n\t\t\t\t<div class=\"elementor-widget-container\">\n\t\t\t\t\t\t\t\t<div class=\"elementor-text-editor elementor-clearfix\">\n\t\t\t\t<p><strong><a class=\"row-title\" href=\"https:\/\/ru.sahin61.com.tr\/index.php\/gito-plateau\/\" aria-label=\"\u201cGito Yaylas\u0131\u201d (D\u00fczenle)\">\u041f\u043b\u0430\u0442\u043e \u0413\u0438\u0442\u043e<\/a><\/strong><\/p>\t\t\t\t\t<\/div>\n\t\t\t\t\t\t<\/div>\n\t\t\t\t<\/div>\n\t\t\t\t\t\t<\/div>\n\t\t\t\t\t<\/div>\n\t\t<\/div>\n\t\t\t\t<div class=\"aux-parallax-section elementor-column elementor-col-25 elementor-inner-column elementor-element elementor-element-ce80b3d\" data-id=\"ce80b3d\" data-element_type=\"column\" data-settings=\"{&quot;background_background&quot;:&quot;classic&quot;}\">\n\t\t\t<div class=\"elementor-column-wrap elementor-element-populated\">\n\t\t\t\t\t<div class=\"elementor-background-overlay\"><\/div>\n\t\t\t\t\t\t\t<div class=\"elementor-widget-wrap\">\n\t\t\t\t\t\t<div class=\"elementor-element elementor-element-073b170 elementor-widget elementor-widget-text-editor\" data-id=\"073b170\" data-element_type=\"widget\" data-widget_type=\"text-editor.default\">\n\t\t\t\t<div class=\"elementor-widget-container\">\n\t\t\t\t\t\t\t\t<div class=\"elementor-text-editor elementor-clearfix\">\n\t\t\t\t<p><a href=\"https:\/\/ru.sahin61.com.tr\/index.php\/hidirnebi-plateau-balikli-lake-cal-cave\/\"><strong>\u041f\u043b\u0430\u0442\u043e \u0425\u0438\u0434\u0438\u0440\u043d\u0435\u0431\u0438 \u0438 \u043e\u0437\u0435\u0440\u043e \u0411\u0430\u043b\u044b\u043a\u043b\u044b \u0438 \u043f\u0435\u0449\u0435\u0440\u0430 \u0427\u0430\u043b<\/strong><\/a><\/p>\t\t\t\t\t<\/div>\n\t\t\t\t\t\t<\/div>\n\t\t\t\t<\/div>\n\t\t\t\t\t\t<\/div>\n\t\t\t\t\t<\/div>\n\t\t<\/div>\n\t\t\t\t<div class=\"aux-parallax-section elementor-column elementor-col-25 elementor-inner-column elementor-element elementor-element-1693c5b\" data-id=\"1693c5b\" data-element_type=\"column\" data-settings=\"{&quot;background_background&quot;:&quot;classic&quot;}\">\n\t\t\t<div class=\"elementor-column-wrap elementor-element-populated\">\n\t\t\t\t\t<div class=\"elementor-background-overlay\"><\/div>\n\t\t\t\t\t\t\t<div class=\"elementor-widget-wrap\">\n\t\t\t\t\t\t<div class=\"elementor-element elementor-element-55311c8 elementor-widget elementor-widget-text-editor\" data-id=\"55311c8\" data-element_type=\"widget\" data-widget_type=\"text-editor.default\">\n\t\t\t\t<div class=\"elementor-widget-container\">\n\t\t\t\t\t\t\t\t<div class=\"elementor-text-editor elementor-clearfix\">\n\t\t\t\t<p><strong><a class=\"row-title\" href=\"https:\/\/ru.sahin61.com.tr\/index.php\/huser-plateau\/\" aria-label=\"\u201cHuser Yaylas\u0131\u201d (D\u00fczenle)\">\u041f\u043b\u0430\u0442\u043e \u0425\u0443\u0441\u0435\u0440<\/a><\/strong><\/p>\t\t\t\t\t<\/div>\n\t\t\t\t\t\t<\/div>\n\t\t\t\t<\/div>\n\t\t\t\t\t\t<\/div>\n\t\t\t\t\t<\/div>\n\t\t<\/div>\n\t\t\t\t\t\t\t\t<\/div>\n\t\t\t\t\t<\/div>\n\t\t<\/section>\n\t\t\t\t<section class=\"elementor-section elementor-inner-section elementor-element elementor-element-826b33c elementor-section-boxed elementor-section-height-default elementor-section-height-default\" data-id=\"826b33c\" data-element_type=\"section\">\n\t\t\t\t\t\t<div class=\"elementor-container elementor-column-gap-default\">\n\t\t\t\t\t\t\t<div class=\"elementor-row\">\n\t\t\t\t\t<div class=\"aux-parallax-section elementor-column elementor-col-25 elementor-inner-column elementor-element elementor-element-6545e3a\" data-id=\"6545e3a\" data-element_type=\"column\" data-settings=\"{&quot;background_background&quot;:&quot;classic&quot;}\">\n\t\t\t<div class=\"elementor-column-wrap elementor-element-populated\">\n\t\t\t\t\t<div class=\"elementor-background-overlay\"><\/div>\n\t\t\t\t\t\t\t<div class=\"elementor-widget-wrap\">\n\t\t\t\t\t\t<div class=\"elementor-element elementor-element-a5efb08 elementor-widget elementor-widget-text-editor\" data-id=\"a5efb08\" data-element_type=\"widget\" data-widget_type=\"text-editor.default\">\n\t\t\t\t<div class=\"elementor-widget-container\">\n\t\t\t\t\t\t\t\t<div class=\"elementor-text-editor elementor-clearfix\">\n\t\t\t\t<p><strong><a class=\"row-title\" href=\"https:\/\/ru.sahin61.com.tr\/index.php\/pokut-plateau\/\" aria-label=\"\u201cPokut Yaylas\u0131\u201d (D\u00fczenle)\">\u041f\u043b\u0430\u0442\u043e \u041f\u043e\u043a\u0443\u0442<\/a><\/strong><\/p>\t\t\t\t\t<\/div>\n\t\t\t\t\t\t<\/div>\n\t\t\t\t<\/div>\n\t\t\t\t\t\t<\/div>\n\t\t\t\t\t<\/div>\n\t\t<\/div>\n\t\t\t\t<div class=\"aux-parallax-section elementor-column elementor-col-25 elementor-inner-column elementor-element elementor-element-e876ae5\" data-id=\"e876ae5\" data-element_type=\"column\" data-settings=\"{&quot;background_background&quot;:&quot;classic&quot;}\">\n\t\t\t<div class=\"elementor-column-wrap elementor-element-populated\">\n\t\t\t\t\t<div class=\"elementor-background-overlay\"><\/div>\n\t\t\t\t\t\t\t<div class=\"elementor-widget-wrap\">\n\t\t\t\t\t\t<div class=\"elementor-element elementor-element-d9332b2 elementor-widget elementor-widget-text-editor\" data-id=\"d9332b2\" data-element_type=\"widget\" data-widget_type=\"text-editor.default\">\n\t\t\t\t<div class=\"elementor-widget-container\">\n\t\t\t\t\t\t\t\t<div class=\"elementor-text-editor elementor-clearfix\">\n\t\t\t\t<p><strong><a class=\"row-title\" href=\"https:\/\/ru.sahin61.com.tr\/index.php\/sumela\/\" aria-label=\"\u201cS\u00fcmela\u201d (D\u00fczenle)\">\u0421\u0443\u043c\u0435\u043b\u0430<\/a><\/strong><\/p>\t\t\t\t\t<\/div>\n\t\t\t\t\t\t<\/div>\n\t\t\t\t<\/div>\n\t\t\t\t\t\t<\/div>\n\t\t\t\t\t<\/div>\n\t\t<\/div>\n\t\t\t\t<div class=\"aux-parallax-section elementor-column elementor-col-25 elementor-inner-column elementor-element elementor-element-fff9cd9\" data-id=\"fff9cd9\" data-element_type=\"column\" data-settings=\"{&quot;background_background&quot;:&quot;classic&quot;}\">\n\t\t\t<div class=\"elementor-column-wrap elementor-element-populated\">\n\t\t\t\t\t<div class=\"elementor-background-overlay\"><\/div>\n\t\t\t\t\t\t\t<div class=\"elementor-widget-wrap\">\n\t\t\t\t\t\t<div class=\"elementor-element elementor-element-6035b48 elementor-widget elementor-widget-text-editor\" data-id=\"6035b48\" data-element_type=\"widget\" data-widget_type=\"text-editor.default\">\n\t\t\t\t<div class=\"elementor-widget-container\">\n\t\t\t\t\t\t\t\t<div class=\"elementor-text-editor elementor-clearfix\">\n\t\t\t\t<p><a href=\"https:\/\/ru.sahin61.com.tr\/index.php\/long-lake\/\"><b>\u041b\u043e\u043d\u0433 \u041b\u0435\u0439\u043a<\/b><\/a><\/p>\t\t\t\t\t<\/div>\n\t\t\t\t\t\t<\/div>\n\t\t\t\t<\/div>\n\t\t\t\t\t\t<\/div>\n\t\t\t\t\t<\/div>\n\t\t<\/div>\n\t\t\t\t<div class=\"aux-parallax-section elementor-column elementor-col-25 elementor-inner-column elementor-element elementor-element-fb7c6ac\" data-id=\"fb7c6ac\" data-element_type=\"column\" data-settings=\"{&quot;background_background&quot;:&quot;classic&quot;}\">\n\t\t\t<div class=\"elementor-column-wrap elementor-element-populated\">\n\t\t\t\t\t<div class=\"elementor-background-overlay\"><\/div>\n\t\t\t\t\t\t\t<div class=\"elementor-widget-wrap\">\n\t\t\t\t\t\t<div class=\"elementor-element elementor-element-abd1346 elementor-widget elementor-widget-text-editor\" data-id=\"abd1346\" data-element_type=\"widget\" data-widget_type=\"text-editor.default\">\n\t\t\t\t<div class=\"elementor-widget-container\">\n\t\t\t\t\t\t\t\t<div class=\"elementor-text-editor elementor-clearfix\">\n\t\t\t\t<p><strong><a class=\"row-title\" href=\"https:\/\/ru.sahin61.com.tr\/index.php\/zigana-torul-karaca-cave-limni-lake\/\" aria-label=\"\u201cZigana \u2013 Torul &amp; Karaca Ma\u011faras\u0131 &amp; Limni G\u00f6l\u00fc\u201d (D\u00fczenle)\">\u0417\u0438\u0433\u0430\u043d\u0430 &#8211; \u0422\u043e\u0440\u0443\u043b \u0438 \u043f\u0435\u0449\u0435\u0440\u0430 \u041a\u0430\u0440\u0430\u0434\u0436\u0430 \u0438 \u043e\u0437\u0435\u0440\u043e \u041b\u0438\u043c\u043d\u0438<\/a><\/strong><\/p>\t\t\t\t\t<\/div>\n\t\t\t\t\t\t<\/div>\n\t\t\t\t<\/div>\n\t\t\t\t\t\t<\/div>\n\t\t\t\t\t<\/div>\n\t\t<\/div>\n\t\t\t\t\t\t\t\t<\/div>\n\t\t\t\t\t<\/div>\n\t\t<\/section>\n\t\t\t\t<section class=\"elementor-section elementor-inner-section elementor-element elementor-element-9456722 elementor-section-boxed elementor-section-height-default elementor-section-height-default\" data-id=\"9456722\" data-element_type=\"section\">\n\t\t\t\t\t\t<div class=\"elementor-container elementor-column-gap-default\">\n\t\t\t\t\t\t\t<div class=\"elementor-row\">\n\t\t\t\t\t<div class=\"aux-parallax-section elementor-column elementor-col-100 elementor-inner-column elementor-element elementor-element-359b8e4\" data-id=\"359b8e4\" data-element_type=\"column\" data-settings=\"{&quot;background_background&quot;:&quot;classic&quot;}\">\n\t\t\t<div class=\"elementor-column-wrap elementor-element-populated\">\n\t\t\t\t\t<div class=\"elementor-background-overlay\"><\/div>\n\t\t\t\t\t\t\t<div class=\"elementor-widget-wrap\">\n\t\t\t\t\t\t<div class=\"elementor-element elementor-element-0075c34 elementor-widget elementor-widget-text-editor\" data-id=\"0075c34\" data-element_type=\"widget\" data-widget_type=\"text-editor.default\">\n\t\t\t\t<div class=\"elementor-widget-container\">\n\t\t\t\t\t\t\t\t<div class=\"elementor-text-editor elementor-clearfix\">\n\t\t\t\t<p><strong><a class=\"row-title\" href=\"https:\/\/ru.sahin61.com.tr\/index.php\/trabzon\/\" aria-label=\"\u201cPokut Yaylas\u0131\u201d (D\u00fczenle)\">\u0422\u0440\u0430\u0431\u0437\u043e\u043d<\/a><\/strong><\/p>\t\t\t\t\t<\/div>\n\t\t\t\t\t\t<\/div>\n\t\t\t\t<\/div>\n\t\t\t\t\t\t<\/div>\n\t\t\t\t\t<\/div>\n\t\t<\/div>\n\t\t\t\t\t\t\t\t<\/div>\n\t\t\t\t\t<\/div>\n\t\t<\/section>\n\t\t\t\t\t\t<\/div>\n\t\t\t\t\t<\/div>\n\t\t<\/div>\n\t\t\t\t\t\t\t\t<\/div>\n\t\t\t\t\t<\/div>\n\t\t<\/section>\n\t\t\t\t\t\t\t\t\t<\/div>\n\t\t\t<\/div>\n\t\t\t\t\t<\/div>\n\t\t","protected":false},"excerpt":{"rendered":"<p>\u0415\u0416\u0415\u0414\u041d\u0415\u0412\u041d\u042b\u0415 \u0422\u0423\u0420\u042b \u041f\u043b\u0430\u0442\u043e \u0410\u0439\u0434\u0435\u0440 \u0438 \u0437\u0430\u043c\u043e\u043a \u0420\u0438\u0437\u0435 \u0438 \u043f\u043b\u0430\u0442\u043e \u0410\u043d\u0437\u0435\u0440 \u0438 \u0434\u0435\u0432\u0438\u0447\u0438\u0439 \u0437\u0430\u043c\u043e\u043a \u0411\u0430\u0442\u0443\u043c \u041e\u0437\u0435\u0440\u043e \u0411\u043e\u0440\u0447\u043a\u0430 \u0427\u0435\u0440\u043d\u043e\u0435 \u043e\u0437\u0435\u0440\u043e \u0411\u043e\u0440\u043a\u0430 \u0438 \u0434\u0432\u043e\u0439\u043d\u043e\u0439 \u043c\u043e\u0441\u0442 \u0421\u0442\u043e\u0440\u043c \u041a\u0440\u0438\u043a \u041f\u043b\u0430\u0442\u043e \u0413\u0438\u0442\u043e \u041f\u043b\u0430\u0442\u043e \u0425\u0438\u0434\u0438\u0440\u043d\u0435\u0431\u0438 \u0438 \u043e\u0437\u0435\u0440\u043e \u0411\u0430\u043b\u044b\u043a\u043b\u044b \u0438 \u043f\u0435\u0449\u0435\u0440\u0430 \u0427\u0430\u043b \u041f\u043b\u0430\u0442\u043e \u0425\u0443\u0441\u0435\u0440 \u041f\u043b\u0430\u0442\u043e \u041f\u043e\u043a\u0443\u0442 \u0421\u0443\u043c\u0435\u043b\u0430 \u041b\u043e\u043d\u0433 \u041b\u0435\u0439\u043a \u0417\u0438\u0433\u0430\u043d\u0430 &#8211; \u0422\u043e\u0440\u0443\u043b \u0438 \u043f\u0435\u0449\u0435\u0440\u0430 \u041a\u0430\u0440\u0430\u0434\u0436\u0430 \u0438 \u043e\u0437\u0435\u0440\u043e \u041b\u0438\u043c\u043d\u0438 \u0422\u0440\u0430\u0431\u0437\u043e\u043d<\/p>\n","protected":false},"author":1,"featured_media":0,"parent":0,"menu_order":0,"comment_status":"closed","ping_status":"closed","template":"templates\/page-builder-content.php","meta":[],"_links":{"self":[{"href":"https:\/\/ru.sahin61.com.tr\/index.php\/wp-json\/wp\/v2\/pages\/403"}],"collection":[{"href":"https:\/\/ru.sahin61.com.tr\/index.php\/wp-json\/wp\/v2\/pages"}],"about":[{"href":"https:\/\/ru.sahin61.com.tr\/index.php\/wp-json\/wp\/v2\/types\/page"}],"author":[{"embeddable":true,"href":"https:\/\/ru.sahin61.com.tr\/index.php\/wp-json\/wp\/v2\/users\/1"}],"replies":[{"embeddable":true,"href":"https:\/\/ru.sahin61.com.tr\/index.php\/wp-json\/wp\/v2\/comments?post=403"}],"version-history":[{"count":47,"href":"https:\/\/ru.sahin61.com.tr\/index.php\/wp-json\/wp\/v2\/pages\/403\/revisions"}],"predecessor-version":[{"id":927,"href":"https:\/\/ru.sahin61.com.tr\/index.php\/wp-json\/wp\/v2\/pages\/403\/revisions\/927"}],"wp:attachment":[{"href":"https:\/\/ru.sahin61.com.tr\/index.php\/wp-json\/wp\/v2\/media?parent=403"}],"curies":[{"name":"wp","href":"https:\/\/api.w.org\/{rel}","templated":true}]}}